{"id":1143,"date":"2025-11-10T15:08:31","date_gmt":"2025-11-10T14:08:31","guid":{"rendered":"https:\/\/in-guter-gesellschaft.com\/?page_id=1143"},"modified":"2025-11-10T16:47:43","modified_gmt":"2025-11-10T15:47:43","slug":"unsere-projekte","status":"publish","type":"page","link":"https:\/\/in-guter-gesellschaft.com\/index.php\/unsere-projekte\/","title":{"rendered":"Unsere Projekte"},"content":{"rendered":"\t\t<div data-elementor-type=\"wp-page\" data-elementor-id=\"1143\" class=\"elementor elementor-1143\">\n\t\t\t\t\t\t\t\t\t<section class=\"elementor-section elementor-top-section elementor-element elementor-element-f757bc9 elementor-section-stretched elementor-section-boxed elementor-section-height-default elementor-section-height-default\" data-id=\"f757bc9\" data-element_type=\"section\" data-settings=\"{&quot;stretch_section&quot;:&quot;section-stretched&quot;,&quot;background_background&quot;:&quot;classic&quot;}\">\n\t\t\t\t\t\t<div class=\"elementor-container elementor-column-gap-default\">\n\t\t\t\t\t<div class=\"elementor-column elementor-col-100 elementor-top-column elementor-element elementor-element-4f6fd4c6\" data-id=\"4f6fd4c6\" data-element_type=\"column\">\n\t\t\t<div class=\"elementor-widget-wrap elementor-element-populated\">\n\t\t\t\t\t\t\t\t<div class=\"elementor-element elementor-element-55028893 elementor-widget elementor-widget-heading\" data-id=\"55028893\" data-element_type=\"widget\" data-widget_type=\"heading.default\">\n\t\t\t\t<div class=\"elementor-widget-container\">\n\t\t\t<style>\/*! elementor - v3.13.3 - 28-05-2023 *\/\n.elementor-heading-title{padding:0;margin:0;line-height:1}.elementor-widget-heading .elementor-heading-title[class*=elementor-size-]>a{color:inherit;font-size:inherit;line-height:inherit}.elementor-widget-heading .elementor-heading-title.elementor-size-small{font-size:15px}.elementor-widget-heading .elementor-heading-title.elementor-size-medium{font-size:19px}.elementor-widget-heading .elementor-heading-title.elementor-size-large{font-size:29px}.elementor-widget-heading .elementor-heading-title.elementor-size-xl{font-size:39px}.elementor-widget-heading .elementor-heading-title.elementor-size-xxl{font-size:59px}<\/style><h2 class=\"elementor-heading-title elementor-size-default\">Unsere Projekte<\/h2>\t\t<\/div>\n\t\t\t\t<\/div>\n\t\t\t\t\t<\/div>\n\t\t<\/div>\n\t\t\t\t\t\t\t<\/div>\n\t\t<\/section>\n\t\t\t\t<section class=\"elementor-section elementor-top-section elementor-element elementor-element-2b17675e elementor-section-boxed elementor-section-height-default elementor-section-height-default\" data-id=\"2b17675e\" data-element_type=\"section\">\n\t\t\t\t\t\t<div class=\"elementor-container elementor-column-gap-default\">\n\t\t\t\t\t<div class=\"elementor-column elementor-col-100 elementor-top-column elementor-element elementor-element-66f235df\" data-id=\"66f235df\" data-element_type=\"column\">\n\t\t\t<div class=\"elementor-widget-wrap elementor-element-populated\">\n\t\t\t\t\t\t\t\t<div class=\"elementor-element elementor-element-cbfd9e7 elementor-widget elementor-widget-spacer\" data-id=\"cbfd9e7\" data-element_type=\"widget\" data-widget_type=\"spacer.default\">\n\t\t\t\t<div class=\"elementor-widget-container\">\n\t\t\t<style>\/*! elementor - v3.13.3 - 28-05-2023 *\/\n.elementor-column .elementor-spacer-inner{height:var(--spacer-size)}.e-con{--container-widget-width:100%}.e-con-inner>.elementor-widget-spacer,.e-con>.elementor-widget-spacer{width:var(--container-widget-width,var(--spacer-size));--align-self:var(--container-widget-align-self,initial);--flex-shrink:0}.e-con-inner>.elementor-widget-spacer>.elementor-widget-container,.e-con-inner>.elementor-widget-spacer>.elementor-widget-container>.elementor-spacer,.e-con>.elementor-widget-spacer>.elementor-widget-container,.e-con>.elementor-widget-spacer>.elementor-widget-container>.elementor-spacer{height:100%}.e-con-inner>.elementor-widget-spacer>.elementor-widget-container>.elementor-spacer>.elementor-spacer-inner,.e-con>.elementor-widget-spacer>.elementor-widget-container>.elementor-spacer>.elementor-spacer-inner{height:var(--container-widget-height,var(--spacer-size))}<\/style>\t\t<div class=\"elementor-spacer\">\n\t\t\t<div class=\"elementor-spacer-inner\"><\/div>\n\t\t<\/div>\n\t\t\t\t<\/div>\n\t\t\t\t<\/div>\n\t\t\t\t<section class=\"elementor-section elementor-inner-section elementor-element elementor-element-4a266680 elementor-section-boxed elementor-section-height-default elementor-section-height-default\" data-id=\"4a266680\" data-element_type=\"section\">\n\t\t\t\t\t\t<div class=\"elementor-container elementor-column-gap-default\">\n\t\t\t\t\t<div class=\"elementor-column elementor-col-100 elementor-inner-column elementor-element elementor-element-38c45b0\" data-id=\"38c45b0\" data-element_type=\"column\">\n\t\t\t<div class=\"elementor-widget-wrap elementor-element-populated\">\n\t\t\t\t\t\t\t\t<div class=\"elementor-element elementor-element-224ab4db elementor-widget elementor-widget-heading\" data-id=\"224ab4db\" data-element_type=\"widget\" data-widget_type=\"heading.default\">\n\t\t\t\t<div class=\"elementor-widget-container\">\n\t\t\t<h2 class=\"elementor-heading-title elementor-size-default\">Gestaltung einer Guten Gesellschaft<\/h2>\t\t<\/div>\n\t\t\t\t<\/div>\n\t\t\t\t\t<\/div>\n\t\t<\/div>\n\t\t\t\t\t\t\t<\/div>\n\t\t<\/section>\n\t\t\t\t\t<\/div>\n\t\t<\/div>\n\t\t\t\t\t\t\t<\/div>\n\t\t<\/section>\n\t\t\t\t<section class=\"elementor-section elementor-top-section elementor-element elementor-element-987c06b elementor-section-boxed elementor-section-height-default elementor-section-height-default\" data-id=\"987c06b\" data-element_type=\"section\">\n\t\t\t\t\t\t<div class=\"elementor-container elementor-column-gap-default\">\n\t\t\t\t\t<div class=\"elementor-column elementor-col-100 elementor-top-column elementor-element elementor-element-62d2726\" data-id=\"62d2726\" data-element_type=\"column\">\n\t\t\t<div class=\"elementor-widget-wrap elementor-element-populated\">\n\t\t\t\t\t\t\t\t<div class=\"elementor-element elementor-element-fa17f72 elementor-widget elementor-widget-image\" data-id=\"fa17f72\" data-element_type=\"widget\" data-widget_type=\"image.default\">\n\t\t\t\t<div class=\"elementor-widget-container\">\n\t\t\t<style>\/*! elementor - v3.13.3 - 28-05-2023 *\/\n.elementor-widget-image{text-align:center}.elementor-widget-image a{display:inline-block}.elementor-widget-image a img[src$=\".svg\"]{width:48px}.elementor-widget-image img{vertical-align:middle;display:inline-block}<\/style>\t\t\t\t\t\t\t\t\t<figure class=\"wp-caption\">\n\t\t\t\t\t\t\t\t\t\t\t<a href=\"https:\/\/in-guter-gesellschaft.com\/index.php\/permakultur\/\">\n\t\t\t\t\t\t\t<img decoding=\"async\" width=\"800\" height=\"566\" src=\"https:\/\/in-guter-gesellschaft.com\/wp-content\/uploads\/2025\/11\/permakultur-design-paedagogik-seite1-1024x725.jpg\" class=\"attachment-large size-large wp-image-1147\" alt=\"\" loading=\"lazy\" srcset=\"https:\/\/in-guter-gesellschaft.com\/wp-content\/uploads\/2025\/11\/permakultur-design-paedagogik-seite1-1024x725.jpg 1024w, https:\/\/in-guter-gesellschaft.com\/wp-content\/uploads\/2025\/11\/permakultur-design-paedagogik-seite1-300x212.jpg 300w, https:\/\/in-guter-gesellschaft.com\/wp-content\/uploads\/2025\/11\/permakultur-design-paedagogik-seite1-768x543.jpg 768w, https:\/\/in-guter-gesellschaft.com\/wp-content\/uploads\/2025\/11\/permakultur-design-paedagogik-seite1-1536x1087.jpg 1536w, https:\/\/in-guter-gesellschaft.com\/wp-content\/uploads\/2025\/11\/permakultur-design-paedagogik-seite1.jpg 1754w\" sizes=\"(max-width: 800px) 100vw, 800px\" \/>\t\t\t\t\t\t\t\t<\/a>\n\t\t\t\t\t\t\t\t\t\t\t<figcaption class=\"widget-image-caption wp-caption-text\">Permakultur P\u00e4dagogik &amp; Design f\u00fcr Schulen, Institute und Unternehmen<\/figcaption>\n\t\t\t\t\t\t\t\t\t\t<\/figure>\n\t\t\t\t\t\t\t\t\t<\/div>\n\t\t\t\t<\/div>\n\t\t\t\t<div class=\"elementor-element elementor-element-295bd42 elementor-widget elementor-widget-image\" data-id=\"295bd42\" data-element_type=\"widget\" data-widget_type=\"image.default\">\n\t\t\t\t<div class=\"elementor-widget-container\">\n\t\t\t\t\t\t\t\t\t\t\t\t<figure class=\"wp-caption\">\n\t\t\t\t\t\t\t\t\t\t\t<a href=\"https:\/\/in-guter-gesellschaft.com\/index.php\/kochbuch\/\">\n\t\t\t\t\t\t\t<img decoding=\"async\" width=\"800\" height=\"600\" src=\"https:\/\/in-guter-gesellschaft.com\/wp-content\/uploads\/2025\/01\/IMG_4007-1024x768.jpg\" class=\"attachment-large size-large wp-image-1085\" alt=\"\" loading=\"lazy\" srcset=\"https:\/\/in-guter-gesellschaft.com\/wp-content\/uploads\/2025\/01\/IMG_4007-1024x768.jpg 1024w, https:\/\/in-guter-gesellschaft.com\/wp-content\/uploads\/2025\/01\/IMG_4007-300x225.jpg 300w, https:\/\/in-guter-gesellschaft.com\/wp-content\/uploads\/2025\/01\/IMG_4007-768x576.jpg 768w, https:\/\/in-guter-gesellschaft.com\/wp-content\/uploads\/2025\/01\/IMG_4007-1536x1152.jpg 1536w, https:\/\/in-guter-gesellschaft.com\/wp-content\/uploads\/2025\/01\/IMG_4007-2048x1536.jpg 2048w\" sizes=\"(max-width: 800px) 100vw, 800px\" \/>\t\t\t\t\t\t\t\t<\/a>\n\t\t\t\t\t\t\t\t\t\t\t<figcaption class=\"widget-image-caption wp-caption-text\">Das Kochbuch \"In guter Gesellschaft\"<\/figcaption>\n\t\t\t\t\t\t\t\t\t\t<\/figure>\n\t\t\t\t\t\t\t\t\t<\/div>\n\t\t\t\t<\/div>\n\t\t\t\t<div class=\"elementor-element elementor-element-b0fba1c elementor-widget elementor-widget-image\" data-id=\"b0fba1c\" data-element_type=\"widget\" data-widget_type=\"image.default\">\n\t\t\t\t<div class=\"elementor-widget-container\">\n\t\t\t\t\t\t\t\t\t\t\t\t<figure class=\"wp-caption\">\n\t\t\t\t\t\t\t\t\t\t<img decoding=\"async\" width=\"800\" height=\"647\" src=\"https:\/\/in-guter-gesellschaft.com\/wp-content\/uploads\/2017\/08\/Personal-work-236-Oliver-Sigloch-edited-e1565544445842-1024x828.jpg\" class=\"attachment-large size-large wp-image-184\" alt=\"\" loading=\"lazy\" srcset=\"https:\/\/in-guter-gesellschaft.com\/wp-content\/uploads\/2017\/08\/Personal-work-236-Oliver-Sigloch-edited-e1565544445842-1024x828.jpg 1024w, https:\/\/in-guter-gesellschaft.com\/wp-content\/uploads\/2017\/08\/Personal-work-236-Oliver-Sigloch-edited-e1565544445842-300x243.jpg 300w, https:\/\/in-guter-gesellschaft.com\/wp-content\/uploads\/2017\/08\/Personal-work-236-Oliver-Sigloch-edited-e1565544445842-768x621.jpg 768w\" sizes=\"(max-width: 800px) 100vw, 800px\" \/>\t\t\t\t\t\t\t\t\t\t\t<figcaption class=\"widget-image-caption wp-caption-text\">Das zero-waste Caf\u00e9 \"In guter Gesellschaft\" (2017-2024)<\/figcaption>\n\t\t\t\t\t\t\t\t\t\t<\/figure>\n\t\t\t\t\t\t\t\t\t<\/div>\n\t\t\t\t<\/div>\n\t\t\t\t<div class=\"elementor-element elementor-element-5fc3dbe elementor-widget elementor-widget-image\" data-id=\"5fc3dbe\" data-element_type=\"widget\" data-widget_type=\"image.default\">\n\t\t\t\t<div class=\"elementor-widget-container\">\n\t\t\t\t\t\t\t\t\t\t\t\t<figure class=\"wp-caption\">\n\t\t\t\t\t\t\t\t\t\t\t<a href=\"https:\/\/in-guter-gesellschaft.com\/index.php\/fashion-think-tank\/\">\n\t\t\t\t\t\t\t<img decoding=\"async\" width=\"800\" height=\"400\" src=\"https:\/\/in-guter-gesellschaft.com\/wp-content\/uploads\/2025\/03\/banner-1024x512.jpg\" class=\"attachment-large size-large wp-image-1128\" alt=\"\" loading=\"lazy\" srcset=\"https:\/\/in-guter-gesellschaft.com\/wp-content\/uploads\/2025\/03\/banner-1024x512.jpg 1024w, https:\/\/in-guter-gesellschaft.com\/wp-content\/uploads\/2025\/03\/banner-300x150.jpg 300w, https:\/\/in-guter-gesellschaft.com\/wp-content\/uploads\/2025\/03\/banner-768x384.jpg 768w, https:\/\/in-guter-gesellschaft.com\/wp-content\/uploads\/2025\/03\/banner-1536x768.jpg 1536w, https:\/\/in-guter-gesellschaft.com\/wp-content\/uploads\/2025\/03\/banner-2048x1024.jpg 2048w\" sizes=\"(max-width: 800px) 100vw, 800px\" \/>\t\t\t\t\t\t\t\t<\/a>\n\t\t\t\t\t\t\t\t\t\t\t<figcaption class=\"widget-image-caption wp-caption-text\">Fashion Think Tank Reinfeld<\/figcaption>\n\t\t\t\t\t\t\t\t\t\t<\/figure>\n\t\t\t\t\t\t\t\t\t<\/div>\n\t\t\t\t<\/div>\n\t\t\t\t<div class=\"elementor-element elementor-element-df2bae7 elementor-widget elementor-widget-image\" data-id=\"df2bae7\" data-element_type=\"widget\" data-widget_type=\"image.default\">\n\t\t\t\t<div class=\"elementor-widget-container\">\n\t\t\t\t\t\t\t\t\t\t\t\t<figure class=\"wp-caption\">\n\t\t\t\t\t\t\t\t\t\t<img decoding=\"async\" width=\"800\" height=\"527\" src=\"https:\/\/in-guter-gesellschaft.com\/wp-content\/uploads\/2025\/11\/IMG_3337-1024x675.jpg\" class=\"attachment-large size-large wp-image-1151\" alt=\"\" loading=\"lazy\" srcset=\"https:\/\/in-guter-gesellschaft.com\/wp-content\/uploads\/2025\/11\/IMG_3337-1024x675.jpg 1024w, https:\/\/in-guter-gesellschaft.com\/wp-content\/uploads\/2025\/11\/IMG_3337-300x198.jpg 300w, https:\/\/in-guter-gesellschaft.com\/wp-content\/uploads\/2025\/11\/IMG_3337-768x507.jpg 768w, https:\/\/in-guter-gesellschaft.com\/wp-content\/uploads\/2025\/11\/IMG_3337-1536x1013.jpg 1536w, https:\/\/in-guter-gesellschaft.com\/wp-content\/uploads\/2025\/11\/IMG_3337-2048x1351.jpg 2048w\" sizes=\"(max-width: 800px) 100vw, 800px\" \/>\t\t\t\t\t\t\t\t\t\t\t<figcaption class=\"widget-image-caption wp-caption-text\">Veranstaltungen in Hamburg<\/figcaption>\n\t\t\t\t\t\t\t\t\t\t<\/figure>\n\t\t\t\t\t\t\t\t\t<\/div>\n\t\t\t\t<\/div>\n\t\t\t\t<div class=\"elementor-element elementor-element-e1214f3 elementor-widget elementor-widget-spacer\" data-id=\"e1214f3\" data-element_type=\"widget\" data-widget_type=\"spacer.default\">\n\t\t\t\t<div class=\"elementor-widget-container\">\n\t\t\t\t\t<div class=\"elementor-spacer\">\n\t\t\t<div class=\"elementor-spacer-inner\"><\/div>\n\t\t<\/div>\n\t\t\t\t<\/div>\n\t\t\t\t<\/div>\n\t\t\t\t\t<\/div>\n\t\t<\/div>\n\t\t\t\t\t\t\t<\/div>\n\t\t<\/section>\n\t\t\t\t<section class=\"elementor-section elementor-top-section elementor-element elementor-element-658e7364 elementor-section-stretched elementor-section-boxed elementor-section-height-default elementor-section-height-default\" data-id=\"658e7364\" data-element_type=\"section\" data-settings=\"{&quot;stretch_section&quot;:&quot;section-stretched&quot;,&quot;background_background&quot;:&quot;classic&quot;}\">\n\t\t\t\t\t\t<div class=\"elementor-container elementor-column-gap-default\">\n\t\t\t\t\t<div class=\"elementor-column elementor-col-100 elementor-top-column elementor-element elementor-element-7778057a\" data-id=\"7778057a\" data-element_type=\"column\">\n\t\t\t<div class=\"elementor-widget-wrap elementor-element-populated\">\n\t\t\t\t\t\t\t\t<div class=\"elementor-element elementor-element-7eb322b2 elementor-widget elementor-widget-heading\" data-id=\"7eb322b2\" data-element_type=\"widget\" data-widget_type=\"heading.default\">\n\t\t\t\t<div class=\"elementor-widget-container\">\n\t\t\t<h2 class=\"elementor-heading-title elementor-size-default\">Wir freuen uns von Dir zu h\u00f6ren.<\/h2>\t\t<\/div>\n\t\t\t\t<\/div>\n\t\t\t\t<div class=\"elementor-element elementor-element-6643e642 elementor-align-center elementor-widget elementor-widget-button\" data-id=\"6643e642\" data-element_type=\"widget\" data-widget_type=\"button.default\">\n\t\t\t\t<div class=\"elementor-widget-container\">\n\t\t\t\t\t<div class=\"elementor-button-wrapper\">\n\t\t\t<a href=\"https:\/\/in-guter-gesellschaft.com\/index.php\/kontakt\/\" class=\"elementor-button-link elementor-button elementor-size-sm\" role=\"button\">\n\t\t\t\t\t\t<span class=\"elementor-button-content-wrapper\">\n\t\t\t\t\t\t<span class=\"elementor-button-text\">Kontakt<\/span>\n\t\t<\/span>\n\t\t\t\t\t<\/a>\n\t\t<\/div>\n\t\t\t\t<\/div>\n\t\t\t\t<\/div>\n\t\t\t\t\t<\/div>\n\t\t<\/div>\n\t\t\t\t\t\t\t<\/div>\n\t\t<\/section>\n\t\t\t\t\t\t\t<\/div>\n\t\t","protected":false},"excerpt":{"rendered":"<p>Unsere Projekte Gestaltung einer Guten Gesellschaft Permakultur P\u00e4dagogik &amp; Design f\u00fcr Schulen, Institute und Unternehmen Das Kochbuch &#8222;In guter Gesellschaft&#8220; Das zero-waste Caf\u00e9 &#8222;In guter Gesellschaft&#8220; (2017-2024) Fashion Think Tank Reinfeld Veranstaltungen in Hamburg Wir freuen uns von Dir zu h\u00f6ren. Kontakt<\/p>\n","protected":false},"author":1,"featured_media":0,"parent":0,"menu_order":0,"comment_status":"closed","ping_status":"closed","template":"","meta":[],"_links":{"self":[{"href":"https:\/\/in-guter-gesellschaft.com\/index.php\/wp-json\/wp\/v2\/pages\/1143"}],"collection":[{"href":"https:\/\/in-guter-gesellschaft.com\/index.php\/wp-json\/wp\/v2\/pages"}],"about":[{"href":"https:\/\/in-guter-gesellschaft.com\/index.php\/wp-json\/wp\/v2\/types\/page"}],"author":[{"embeddable":true,"href":"https:\/\/in-guter-gesellschaft.com\/index.php\/wp-json\/wp\/v2\/users\/1"}],"replies":[{"embeddable":true,"href":"https:\/\/in-guter-gesellschaft.com\/index.php\/wp-json\/wp\/v2\/comments?post=1143"}],"version-history":[{"count":22,"href":"https:\/\/in-guter-gesellschaft.com\/index.php\/wp-json\/wp\/v2\/pages\/1143\/revisions"}],"predecessor-version":[{"id":1193,"href":"https:\/\/in-guter-gesellschaft.com\/index.php\/wp-json\/wp\/v2\/pages\/1143\/revisions\/1193"}],"wp:attachment":[{"href":"https:\/\/in-guter-gesellschaft.com\/index.php\/wp-json\/wp\/v2\/media?parent=1143"}],"curies":[{"name":"wp","href":"https:\/\/api.w.org\/{rel}","templated":true}]}}