{"id":1199,"date":"2025-11-10T16:57:41","date_gmt":"2025-11-10T15:57:41","guid":{"rendered":"https:\/\/in-guter-gesellschaft.com\/?page_id=1199"},"modified":"2025-11-10T17:06:09","modified_gmt":"2025-11-10T16:06:09","slug":"ueber-uns","status":"publish","type":"page","link":"https:\/\/in-guter-gesellschaft.com\/index.php\/ueber-uns\/","title":{"rendered":"\u00dcber Uns"},"content":{"rendered":"\t\t<div data-elementor-type=\"wp-page\" data-elementor-id=\"1199\" class=\"elementor elementor-1199\">\n\t\t\t\t\t\t\t\t\t<section class=\"elementor-section elementor-top-section elementor-element elementor-element-660e3983 elementor-section-stretched elementor-section-boxed elementor-section-height-default elementor-section-height-default\" data-id=\"660e3983\" data-element_type=\"section\" data-settings=\"{&quot;stretch_section&quot;:&quot;section-stretched&quot;,&quot;background_background&quot;:&quot;classic&quot;}\">\n\t\t\t\t\t\t<div class=\"elementor-container elementor-column-gap-default\">\n\t\t\t\t\t<div class=\"elementor-column elementor-col-100 elementor-top-column elementor-element elementor-element-640b27f9\" data-id=\"640b27f9\" data-element_type=\"column\">\n\t\t\t<div class=\"elementor-widget-wrap elementor-element-populated\">\n\t\t\t\t\t\t\t\t<div class=\"elementor-element elementor-element-7218c1 elementor-widget elementor-widget-heading\" data-id=\"7218c1\" data-element_type=\"widget\" data-widget_type=\"heading.default\">\n\t\t\t\t<div class=\"elementor-widget-container\">\n\t\t\t<style>\/*! elementor - v3.13.3 - 28-05-2023 *\/\n.elementor-heading-title{padding:0;margin:0;line-height:1}.elementor-widget-heading .elementor-heading-title[class*=elementor-size-]>a{color:inherit;font-size:inherit;line-height:inherit}.elementor-widget-heading .elementor-heading-title.elementor-size-small{font-size:15px}.elementor-widget-heading .elementor-heading-title.elementor-size-medium{font-size:19px}.elementor-widget-heading .elementor-heading-title.elementor-size-large{font-size:29px}.elementor-widget-heading .elementor-heading-title.elementor-size-xl{font-size:39px}.elementor-widget-heading .elementor-heading-title.elementor-size-xxl{font-size:59px}<\/style><h2 class=\"elementor-heading-title elementor-size-default\">\u00dcber uns\u200b<\/h2>\t\t<\/div>\n\t\t\t\t<\/div>\n\t\t\t\t\t<\/div>\n\t\t<\/div>\n\t\t\t\t\t\t\t<\/div>\n\t\t<\/section>\n\t\t\t\t<section class=\"elementor-section elementor-top-section elementor-element elementor-element-4cf1e699 elementor-section-full_width elementor-section-stretched elementor-section-height-default elementor-section-height-default\" data-id=\"4cf1e699\" data-element_type=\"section\" data-settings=\"{&quot;stretch_section&quot;:&quot;section-stretched&quot;,&quot;background_background&quot;:&quot;classic&quot;}\">\n\t\t\t\t\t\t<div class=\"elementor-container elementor-column-gap-default\">\n\t\t\t\t\t<div class=\"elementor-column elementor-col-100 elementor-top-column elementor-element elementor-element-624fa5fc\" data-id=\"624fa5fc\" data-element_type=\"column\">\n\t\t\t<div class=\"elementor-widget-wrap elementor-element-populated\">\n\t\t\t\t\t\t\t\t<section class=\"elementor-section elementor-inner-section elementor-element elementor-element-71c2107a elementor-section-boxed elementor-section-height-default elementor-section-height-default\" data-id=\"71c2107a\" data-element_type=\"section\">\n\t\t\t\t\t\t<div class=\"elementor-container elementor-column-gap-wider\">\n\t\t\t\t\t<div class=\"elementor-column elementor-col-100 elementor-inner-column elementor-element elementor-element-19af6ed6\" data-id=\"19af6ed6\" data-element_type=\"column\">\n\t\t\t<div class=\"elementor-widget-wrap elementor-element-populated\">\n\t\t\t\t\t\t\t\t<div class=\"elementor-element elementor-element-4d1f9114 elementor-widget elementor-widget-heading\" data-id=\"4d1f9114\" data-element_type=\"widget\" data-widget_type=\"heading.default\">\n\t\t\t\t<div class=\"elementor-widget-container\">\n\t\t\t<h2 class=\"elementor-heading-title elementor-size-default\">Gestaltung einer regnerativen Gesellschaft.<\/h2>\t\t<\/div>\n\t\t\t\t<\/div>\n\t\t\t\t<div class=\"elementor-element elementor-element-4aa5ed09 elementor-widget elementor-widget-text-editor\" data-id=\"4aa5ed09\" data-element_type=\"widget\" data-widget_type=\"text-editor.default\">\n\t\t\t\t<div class=\"elementor-widget-container\">\n\t\t\t<style>\/*! elementor - v3.13.3 - 28-05-2023 *\/\n.elementor-widget-text-editor.elementor-drop-cap-view-stacked .elementor-drop-cap{background-color:#69727d;color:#fff}.elementor-widget-text-editor.elementor-drop-cap-view-framed .elementor-drop-cap{color:#69727d;border:3px solid;background-color:transparent}.elementor-widget-text-editor:not(.elementor-drop-cap-view-default) .elementor-drop-cap{margin-top:8px}.elementor-widget-text-editor:not(.elementor-drop-cap-view-default) .elementor-drop-cap-letter{width:1em;height:1em}.elementor-widget-text-editor .elementor-drop-cap{float:left;text-align:center;line-height:1;font-size:50px}.elementor-widget-text-editor .elementor-drop-cap-letter{display:inline-block}<\/style>\t\t\t\t<p>\u201eIn guter Gesellschaft&#8220; ist ein fluktuativer Zusammenschluss von Akteur:innen und Menschen, die sich zum Ziel gesetzt haben, die Interaktion zwischen Gesellschaft und Natur auf regenerative Weise zu gestalten.<\/p><p>Durch die Wiederherstellung und den Erhalt von \u00d6kosystemen, die F\u00f6rderung lokaler Gemeinschaften, die Wertsch\u00e4tzung kultureller Vielfalt und die Schaffung langfristiger Systeme f\u00fcr Menschheit und Planet strebt der Verein danach, eine nachhaltige Zukunft zu gestalten. Unsere Prinzipien umfassen die F\u00f6rderung von Kreislaufwirtschaft, erneuerbaren Energien und Ressourcen, \u00f6kologischer Landwirtschaft, sozialer Gerechtigkeit, Respekt f\u00fcr autochthone Wissenssysteme sowie die Unterst\u00fctzung der Lokalisierungsbewegung.<\/p><p>Die Lokalisierungsbewegung ist eine soziale, wirtschaftliche und \u00f6kologische Bewegung, die sich f\u00fcr die St\u00e4rkung lokaler Gemeinschaften und die Reduzierung der Umweltauswirkungen durch die F\u00f6rderung lokaler Produktion und Konsumtion einsetzt.<\/p><p>Wir streben aktiv nach positiven Ver\u00e4nderungen, um eine nachhaltigere und widerstandsf\u00e4higere Welt zu schaffen. Durch ihre Vorbildfunktion agieren wir regenerativ und dienen als Inspiration f\u00fcr andere, um \u00e4hnliche Wege einzuschlagen.<\/p><p>Mit dem Ziel der Mobilisierung organisieren wir Veranstaltungen, Treffen, Workshops und Ausstellungen, um Menschen dazu zu ermutigen, sich f\u00fcr Ver\u00e4nderungen einzusetzen.<\/p><p>Die Partizipation an Think Tanks, Workshops, Treffen, Diskussionen und Seminaren st\u00e4rkt die Selbstwirksamkeit und f\u00f6rdert aktives Engagement lokaler Gemeinden.<\/p><p>Durch wirkungsvolle Kommunikation und Storytelling, insbesondere \u00fcber Workshops und Projekttage, basierend auf Geschichten und pers\u00f6nlichen Erfahrungen, wollen wir, Menschen mit nachhaltigen Ideen inspirieren und zum Handeln zu motivieren.<\/p><p>Wir schaffen und unterst\u00fctzten Ressourcen durch den Aufbau von Netzwerken, Community-Building und kreative Arbeit, um Menschen dabei zu helfen, ihre Handlungsbereitschaft in konkrete Taten umzusetzen. Durch diese vielf\u00e4ltigen Ans\u00e4tze setzten wir uns aktiv f\u00fcr eine regenerative und engagierte Gesellschaft ein.<\/p>\t\t\t\t\t\t<\/div>\n\t\t\t\t<\/div>\n\t\t\t\t\t<\/div>\n\t\t<\/div>\n\t\t\t\t\t\t\t<\/div>\n\t\t<\/section>\n\t\t\t\t\t<\/div>\n\t\t<\/div>\n\t\t\t\t\t\t\t<\/div>\n\t\t<\/section>\n\t\t\t\t\t\t\t<\/div>\n\t\t","protected":false},"excerpt":{"rendered":"<p>\u00dcber uns\u200b Gestaltung einer regnerativen Gesellschaft. \u201eIn guter Gesellschaft&#8220; ist ein fluktuativer Zusammenschluss von Akteur:innen und Menschen, die sich zum Ziel gesetzt haben, die Interaktion zwischen Gesellschaft und Natur auf regenerative Weise zu gestalten. Durch die Wiederherstellung und den Erhalt von \u00d6kosystemen, die F\u00f6rderung lokaler Gemeinschaften, die Wertsch\u00e4tzung kultureller Vielfalt und die Schaffung langfristiger Systeme f\u00fcr Menschheit und Planet strebt der Verein danach, eine nachhaltige Zukunft zu gestalten. Unsere Prinzipien umfassen die F\u00f6rderung von Kreislaufwirtschaft, erneuerbaren Energien und Ressourcen, \u00f6kologischer Landwirtschaft, sozialer Gerechtigkeit, Respekt f\u00fcr autochthone Wissenssysteme sowie die Unterst\u00fctzung der Lokalisierungsbewegung. Die Lokalisierungsbewegung ist eine soziale, wirtschaftliche und \u00f6kologische Bewegung, die sich f\u00fcr die St\u00e4rkung lokaler Gemeinschaften und die Reduzierung der Umweltauswirkungen durch die F\u00f6rderung lokaler Produktion und Konsumtion einsetzt. Wir streben aktiv nach positiven Ver\u00e4nderungen, um eine nachhaltigere und widerstandsf\u00e4higere Welt zu schaffen. Durch ihre Vorbildfunktion agieren wir regenerativ und dienen als Inspiration f\u00fcr andere, um \u00e4hnliche Wege&hellip;<\/p>\n<p> <a class=\"more-link\" href=\"https:\/\/in-guter-gesellschaft.com\/index.php\/ueber-uns\/\">Weiterlesen<\/a><\/p>\n","protected":false},"author":1,"featured_media":0,"parent":0,"menu_order":0,"comment_status":"closed","ping_status":"closed","template":"","meta":[],"_links":{"self":[{"href":"https:\/\/in-guter-gesellschaft.com\/index.php\/wp-json\/wp\/v2\/pages\/1199"}],"collection":[{"href":"https:\/\/in-guter-gesellschaft.com\/index.php\/wp-json\/wp\/v2\/pages"}],"about":[{"href":"https:\/\/in-guter-gesellschaft.com\/index.php\/wp-json\/wp\/v2\/types\/page"}],"author":[{"embeddable":true,"href":"https:\/\/in-guter-gesellschaft.com\/index.php\/wp-json\/wp\/v2\/users\/1"}],"replies":[{"embeddable":true,"href":"https:\/\/in-guter-gesellschaft.com\/index.php\/wp-json\/wp\/v2\/comments?post=1199"}],"version-history":[{"count":4,"href":"https:\/\/in-guter-gesellschaft.com\/index.php\/wp-json\/wp\/v2\/pages\/1199\/revisions"}],"predecessor-version":[{"id":1204,"href":"https:\/\/in-guter-gesellschaft.com\/index.php\/wp-json\/wp\/v2\/pages\/1199\/revisions\/1204"}],"wp:attachment":[{"href":"https:\/\/in-guter-gesellschaft.com\/index.php\/wp-json\/wp\/v2\/media?parent=1199"}],"curies":[{"name":"wp","href":"https:\/\/api.w.org\/{rel}","templated":true}]}}